{"id":977,"date":"2026-03-24T15:29:46","date_gmt":"2026-03-24T08:29:46","guid":{"rendered":"https:\/\/stage.vn.havas.com\/bai-viet\/"},"modified":"2026-04-08T14:43:58","modified_gmt":"2026-04-08T07:43:58","slug":"bai-viet","status":"publish","type":"page","link":"https:\/\/vn.havas.com\/vi\/bai-viet\/","title":{"rendered":"B\u00e0i Vi\u1ebft"},"content":{"rendered":"","protected":false},"excerpt":{"rendered":"","protected":false},"author":1,"featured_media":0,"parent":0,"menu_order":0,"comment_status":"closed","ping_status":"closed","template":"template_content_hub_vietnam.php","meta":{"footnotes":""},"class_list":["post-977","page","type-page","status-publish","hentry","entry"],"yoast_head":"<!-- This site is optimized with the Yoast SEO plugin v27.6 - https:\/\/yoast.com\/product\/yoast-seo-wordpress\/ -->\n<title>B\u00e0i Vi\u1ebft - Havas Group Vietnam<\/title>\n<meta name=\"description\" content=\"D\u1ef1a tr\u00ean nh\u1eefng g\u00f3c nh\u00ecn nh\u1ea1y b\u00e9n v\u00e0 \u0111a chi\u1ec1u t\u1eeb \u0111\u1ed9i ng\u0169 nh\u00e2n vi\u00ean Havas to\u00e0n c\u1ea7u, th\u00f4ng qua c\u00e1c \u0111\u1ecbnh d\u1ea1ng nh\u01b0 white papers, b\u00e0i lu\u1eadn, podcast v\u00e0 webinar, Havas Resources h\u1ed9i t\u1ee5 t\u1ea5t c\u1ea3 nh\u1eefng gi\u00e1 tr\u1ecb t\u1ed1t nh\u1ea5t m\u00e0 ch\u00fang t\u00f4i \u0111ang t\u1ea1o ra.\" \/>\n<meta name=\"robots\" content=\"index, follow, max-snippet:-1, max-image-preview:large, max-video-preview:-1\" \/>\n<link rel=\"canonical\" href=\"https:\/\/vn.havas.com\/resources\/\" \/>\n<meta property=\"og:locale\" content=\"vi_VN\" \/>\n<meta property=\"og:type\" content=\"article\" \/>\n<meta property=\"og:title\" content=\"B\u00e0i Vi\u1ebft - Havas Group Vietnam\" \/>\n<meta property=\"og:description\" content=\"D\u1ef1a tr\u00ean nh\u1eefng g\u00f3c nh\u00ecn nh\u1ea1y b\u00e9n v\u00e0 \u0111a chi\u1ec1u t\u1eeb \u0111\u1ed9i ng\u0169 nh\u00e2n vi\u00ean Havas to\u00e0n c\u1ea7u, th\u00f4ng qua c\u00e1c \u0111\u1ecbnh d\u1ea1ng nh\u01b0 white papers, b\u00e0i lu\u1eadn, podcast v\u00e0 webinar, Havas Resources h\u1ed9i t\u1ee5 t\u1ea5t c\u1ea3 nh\u1eefng gi\u00e1 tr\u1ecb t\u1ed1t nh\u1ea5t m\u00e0 ch\u00fang t\u00f4i \u0111ang t\u1ea1o ra.\" \/>\n<meta property=\"og:url\" content=\"https:\/\/vn.havas.com\/resources\/\" \/>\n<meta property=\"og:site_name\" content=\"Havas Group Vietnam\" \/>\n<meta property=\"article:modified_time\" content=\"2026-04-08T07:43:58+00:00\" \/>\n<meta name=\"twitter:card\" content=\"summary_large_image\" \/>\n<script type=\"application\/ld+json\" class=\"yoast-schema-graph\">{\"@context\":\"https:\\\/\\\/schema.org\",\"@graph\":[{\"@type\":\"WebPage\",\"@id\":\"https:\\\/\\\/vn.havas.com\\\/resources\\\/\",\"url\":\"https:\\\/\\\/vn.havas.com\\\/resources\\\/\",\"name\":\"B\u00e0i Vi\u1ebft - Havas Group Vietnam\",\"isPartOf\":{\"@id\":\"https:\\\/\\\/vn.havas.com\\\/#website\"},\"datePublished\":\"2026-03-24T08:29:46+00:00\",\"dateModified\":\"2026-04-08T07:43:58+00:00\",\"description\":\"D\u1ef1a tr\u00ean nh\u1eefng g\u00f3c nh\u00ecn nh\u1ea1y b\u00e9n v\u00e0 \u0111a chi\u1ec1u t\u1eeb \u0111\u1ed9i ng\u0169 nh\u00e2n vi\u00ean Havas to\u00e0n c\u1ea7u, th\u00f4ng qua c\u00e1c \u0111\u1ecbnh d\u1ea1ng nh\u01b0 white papers, b\u00e0i lu\u1eadn, podcast v\u00e0 webinar, Havas Resources h\u1ed9i t\u1ee5 t\u1ea5t c\u1ea3 nh\u1eefng gi\u00e1 tr\u1ecb t\u1ed1t nh\u1ea5t m\u00e0 ch\u00fang t\u00f4i \u0111ang t\u1ea1o ra.\",\"inLanguage\":\"vi-VN\",\"potentialAction\":[{\"@type\":\"ReadAction\",\"target\":[\"https:\\\/\\\/vn.havas.com\\\/resources\\\/\"]}]},{\"@type\":\"WebSite\",\"@id\":\"https:\\\/\\\/vn.havas.com\\\/#website\",\"url\":\"https:\\\/\\\/vn.havas.com\\\/\",\"name\":\"Havas Group Vietnam\",\"description\":\"Havas Group Vietnam\",\"potentialAction\":[{\"@type\":\"SearchAction\",\"target\":{\"@type\":\"EntryPoint\",\"urlTemplate\":\"https:\\\/\\\/vn.havas.com\\\/?s={search_term_string}\"},\"query-input\":{\"@type\":\"PropertyValueSpecification\",\"valueRequired\":true,\"valueName\":\"search_term_string\"}}],\"inLanguage\":\"vi-VN\"}]}<\/script>\n<!-- \/ Yoast SEO plugin. -->","yoast_head_json":{"title":"B\u00e0i Vi\u1ebft - Havas Group Vietnam","description":"D\u1ef1a tr\u00ean nh\u1eefng g\u00f3c nh\u00ecn nh\u1ea1y b\u00e9n v\u00e0 \u0111a chi\u1ec1u t\u1eeb \u0111\u1ed9i ng\u0169 nh\u00e2n vi\u00ean Havas to\u00e0n c\u1ea7u, th\u00f4ng qua c\u00e1c \u0111\u1ecbnh d\u1ea1ng nh\u01b0 white papers, b\u00e0i lu\u1eadn, podcast v\u00e0 webinar, Havas Resources h\u1ed9i t\u1ee5 t\u1ea5t c\u1ea3 nh\u1eefng gi\u00e1 tr\u1ecb t\u1ed1t nh\u1ea5t m\u00e0 ch\u00fang t\u00f4i \u0111ang t\u1ea1o ra.","robots":{"index":"index","follow":"follow","max-snippet":"max-snippet:-1","max-image-preview":"max-image-preview:large","max-video-preview":"max-video-preview:-1"},"canonical":"https:\/\/vn.havas.com\/resources\/","og_locale":"vi_VN","og_type":"article","og_title":"B\u00e0i Vi\u1ebft - Havas Group Vietnam","og_description":"D\u1ef1a tr\u00ean nh\u1eefng g\u00f3c nh\u00ecn nh\u1ea1y b\u00e9n v\u00e0 \u0111a chi\u1ec1u t\u1eeb \u0111\u1ed9i ng\u0169 nh\u00e2n vi\u00ean Havas to\u00e0n c\u1ea7u, th\u00f4ng qua c\u00e1c \u0111\u1ecbnh d\u1ea1ng nh\u01b0 white papers, b\u00e0i lu\u1eadn, podcast v\u00e0 webinar, Havas Resources h\u1ed9i t\u1ee5 t\u1ea5t c\u1ea3 nh\u1eefng gi\u00e1 tr\u1ecb t\u1ed1t nh\u1ea5t m\u00e0 ch\u00fang t\u00f4i \u0111ang t\u1ea1o ra.","og_url":"https:\/\/vn.havas.com\/resources\/","og_site_name":"Havas Group Vietnam","article_modified_time":"2026-04-08T07:43:58+00:00","twitter_card":"summary_large_image","schema":{"@context":"https:\/\/schema.org","@graph":[{"@type":"WebPage","@id":"https:\/\/vn.havas.com\/resources\/","url":"https:\/\/vn.havas.com\/resources\/","name":"B\u00e0i Vi\u1ebft - Havas Group Vietnam","isPartOf":{"@id":"https:\/\/vn.havas.com\/#website"},"datePublished":"2026-03-24T08:29:46+00:00","dateModified":"2026-04-08T07:43:58+00:00","description":"D\u1ef1a tr\u00ean nh\u1eefng g\u00f3c nh\u00ecn nh\u1ea1y b\u00e9n v\u00e0 \u0111a chi\u1ec1u t\u1eeb \u0111\u1ed9i ng\u0169 nh\u00e2n vi\u00ean Havas to\u00e0n c\u1ea7u, th\u00f4ng qua c\u00e1c \u0111\u1ecbnh d\u1ea1ng nh\u01b0 white papers, b\u00e0i lu\u1eadn, podcast v\u00e0 webinar, Havas Resources h\u1ed9i t\u1ee5 t\u1ea5t c\u1ea3 nh\u1eefng gi\u00e1 tr\u1ecb t\u1ed1t nh\u1ea5t m\u00e0 ch\u00fang t\u00f4i \u0111ang t\u1ea1o ra.","inLanguage":"vi-VN","potentialAction":[{"@type":"ReadAction","target":["https:\/\/vn.havas.com\/resources\/"]}]},{"@type":"WebSite","@id":"https:\/\/vn.havas.com\/#website","url":"https:\/\/vn.havas.com\/","name":"Havas Group Vietnam","description":"Havas Group Vietnam","potentialAction":[{"@type":"SearchAction","target":{"@type":"EntryPoint","urlTemplate":"https:\/\/vn.havas.com\/?s={search_term_string}"},"query-input":{"@type":"PropertyValueSpecification","valueRequired":true,"valueName":"search_term_string"}}],"inLanguage":"vi-VN"}]}},"_links":{"self":[{"href":"https:\/\/vn.havas.com\/vi\/wp-json\/wp\/v2\/pages\/977","targetHints":{"allow":["GET"]}}],"collection":[{"href":"https:\/\/vn.havas.com\/vi\/wp-json\/wp\/v2\/pages"}],"about":[{"href":"https:\/\/vn.havas.com\/vi\/wp-json\/wp\/v2\/types\/page"}],"author":[{"embeddable":true,"href":"https:\/\/vn.havas.com\/vi\/wp-json\/wp\/v2\/users\/1"}],"replies":[{"embeddable":true,"href":"https:\/\/vn.havas.com\/vi\/wp-json\/wp\/v2\/comments?post=977"}],"version-history":[{"count":0,"href":"https:\/\/vn.havas.com\/vi\/wp-json\/wp\/v2\/pages\/977\/revisions"}],"wp:attachment":[{"href":"https:\/\/vn.havas.com\/vi\/wp-json\/wp\/v2\/media?parent=977"}],"curies":[{"name":"wp","href":"https:\/\/api.w.org\/{rel}","templated":true}]}}