{"id":313,"date":"2022-11-03T11:57:16","date_gmt":"2022-11-03T11:57:16","guid":{"rendered":"https:\/\/stage.vn.havas.com\/havas-media\/"},"modified":"2025-07-30T09:35:13","modified_gmt":"2025-07-30T02:35:13","slug":"havas-media","status":"publish","type":"page","link":"https:\/\/vn.havas.com\/vi\/havas-media\/","title":{"rendered":"Havas Media"},"content":{"rendered":"","protected":false},"excerpt":{"rendered":"","protected":false},"author":1,"featured_media":0,"parent":0,"menu_order":0,"comment_status":"closed","ping_status":"closed","template":"","meta":{"footnotes":""},"class_list":["post-313","page","type-page","status-publish","hentry","entry"],"yoast_head":"<!-- This site is optimized with the Yoast SEO plugin v27.5 - https:\/\/yoast.com\/product\/yoast-seo-wordpress\/ -->\n<title>Havas Media - Havas Group Vietnam<\/title>\n<meta name=\"description\" content=\"Havas Media Vi\u1ec7t Nam gi\u00fap x\u00e2y d\u1ef1ng c\u00e1c th\u01b0\u01a1ng hi\u1ec7u \u00fd ngh\u0129a th\u00f4ng qua truy\u1ec1n th\u00f4ng \u00fd ngh\u0129a. Ch\u00fang t\u00f4i s\u1eed d\u1ee5ng h\u1ec7 th\u1ed1ng Mx \u0111\u1ed9c \u0111\u00e1o c\u1ee7a m\u00ecnh \u0111\u1ec3 t\u1ea1o ra c\u00e1c tr\u1ea3i nghi\u1ec7m truy\u1ec1n th\u00f4ng ph\u00f9 h\u1ee3p, k\u1ebft n\u1ed1i v\u1edbi \u0111\u1ed1i t\u01b0\u1ee3ng m\u1ee5c ti\u00eau c\u1ee7a b\u1ea1n v\u00e0 bi\u1ebfn insight kh\u00e1ch h\u00e0ng th\u00e0nh t\u0103ng tr\u01b0\u1edfng kinh doanh.\" \/>\n<meta name=\"robots\" content=\"index, follow, max-snippet:-1, max-image-preview:large, max-video-preview:-1\" \/>\n<link rel=\"canonical\" href=\"https:\/\/vn.havas.com\/vi\/havas-media\/\" \/>\n<meta property=\"og:locale\" content=\"vi_VN\" \/>\n<meta property=\"og:type\" content=\"article\" \/>\n<meta property=\"og:title\" content=\"Havas Media - Havas Group Vietnam\" \/>\n<meta property=\"og:description\" content=\"Havas Media Vi\u1ec7t Nam gi\u00fap x\u00e2y d\u1ef1ng c\u00e1c th\u01b0\u01a1ng hi\u1ec7u \u00fd ngh\u0129a th\u00f4ng qua truy\u1ec1n th\u00f4ng \u00fd ngh\u0129a. Ch\u00fang t\u00f4i s\u1eed d\u1ee5ng h\u1ec7 th\u1ed1ng Mx \u0111\u1ed9c \u0111\u00e1o c\u1ee7a m\u00ecnh \u0111\u1ec3 t\u1ea1o ra c\u00e1c tr\u1ea3i nghi\u1ec7m truy\u1ec1n th\u00f4ng ph\u00f9 h\u1ee3p, k\u1ebft n\u1ed1i v\u1edbi \u0111\u1ed1i t\u01b0\u1ee3ng m\u1ee5c ti\u00eau c\u1ee7a b\u1ea1n v\u00e0 bi\u1ebfn insight kh\u00e1ch h\u00e0ng th\u00e0nh t\u0103ng tr\u01b0\u1edfng kinh doanh.\" \/>\n<meta property=\"og:url\" content=\"https:\/\/vn.havas.com\/vi\/havas-media\/\" \/>\n<meta property=\"og:site_name\" content=\"Havas Group Vietnam\" \/>\n<meta property=\"article:modified_time\" content=\"2025-07-30T02:35:13+00:00\" \/>\n<meta name=\"twitter:card\" content=\"summary_large_image\" \/>\n<script type=\"application\/ld+json\" class=\"yoast-schema-graph\">{\"@context\":\"https:\\\/\\\/schema.org\",\"@graph\":[{\"@type\":\"WebPage\",\"@id\":\"https:\\\/\\\/vn.havas.com\\\/vi\\\/havas-media\\\/\",\"url\":\"https:\\\/\\\/vn.havas.com\\\/vi\\\/havas-media\\\/\",\"name\":\"Havas Media - Havas Group Vietnam\",\"isPartOf\":{\"@id\":\"https:\\\/\\\/vn.havas.com\\\/#website\"},\"datePublished\":\"2022-11-03T11:57:16+00:00\",\"dateModified\":\"2025-07-30T02:35:13+00:00\",\"description\":\"Havas Media Vi\u1ec7t Nam gi\u00fap x\u00e2y d\u1ef1ng c\u00e1c th\u01b0\u01a1ng hi\u1ec7u \u00fd ngh\u0129a th\u00f4ng qua truy\u1ec1n th\u00f4ng \u00fd ngh\u0129a. Ch\u00fang t\u00f4i s\u1eed d\u1ee5ng h\u1ec7 th\u1ed1ng Mx \u0111\u1ed9c \u0111\u00e1o c\u1ee7a m\u00ecnh \u0111\u1ec3 t\u1ea1o ra c\u00e1c tr\u1ea3i nghi\u1ec7m truy\u1ec1n th\u00f4ng ph\u00f9 h\u1ee3p, k\u1ebft n\u1ed1i v\u1edbi \u0111\u1ed1i t\u01b0\u1ee3ng m\u1ee5c ti\u00eau c\u1ee7a b\u1ea1n v\u00e0 bi\u1ebfn insight kh\u00e1ch h\u00e0ng th\u00e0nh t\u0103ng tr\u01b0\u1edfng kinh doanh.\",\"inLanguage\":\"vi-VN\",\"potentialAction\":[{\"@type\":\"ReadAction\",\"target\":[\"https:\\\/\\\/vn.havas.com\\\/vi\\\/havas-media\\\/\"]}]},{\"@type\":\"WebSite\",\"@id\":\"https:\\\/\\\/vn.havas.com\\\/#website\",\"url\":\"https:\\\/\\\/vn.havas.com\\\/\",\"name\":\"Havas Group Vietnam\",\"description\":\"Havas Group Vietnam\",\"potentialAction\":[{\"@type\":\"SearchAction\",\"target\":{\"@type\":\"EntryPoint\",\"urlTemplate\":\"https:\\\/\\\/vn.havas.com\\\/?s={search_term_string}\"},\"query-input\":{\"@type\":\"PropertyValueSpecification\",\"valueRequired\":true,\"valueName\":\"search_term_string\"}}],\"inLanguage\":\"vi-VN\"}]}<\/script>\n<!-- \/ Yoast SEO plugin. -->","yoast_head_json":{"title":"Havas Media - Havas Group Vietnam","description":"Havas Media Vi\u1ec7t Nam gi\u00fap x\u00e2y d\u1ef1ng c\u00e1c th\u01b0\u01a1ng hi\u1ec7u \u00fd ngh\u0129a th\u00f4ng qua truy\u1ec1n th\u00f4ng \u00fd ngh\u0129a. Ch\u00fang t\u00f4i s\u1eed d\u1ee5ng h\u1ec7 th\u1ed1ng Mx \u0111\u1ed9c \u0111\u00e1o c\u1ee7a m\u00ecnh \u0111\u1ec3 t\u1ea1o ra c\u00e1c tr\u1ea3i nghi\u1ec7m truy\u1ec1n th\u00f4ng ph\u00f9 h\u1ee3p, k\u1ebft n\u1ed1i v\u1edbi \u0111\u1ed1i t\u01b0\u1ee3ng m\u1ee5c ti\u00eau c\u1ee7a b\u1ea1n v\u00e0 bi\u1ebfn insight kh\u00e1ch h\u00e0ng th\u00e0nh t\u0103ng tr\u01b0\u1edfng kinh doanh.","robots":{"index":"index","follow":"follow","max-snippet":"max-snippet:-1","max-image-preview":"max-image-preview:large","max-video-preview":"max-video-preview:-1"},"canonical":"https:\/\/vn.havas.com\/vi\/havas-media\/","og_locale":"vi_VN","og_type":"article","og_title":"Havas Media - Havas Group Vietnam","og_description":"Havas Media Vi\u1ec7t Nam gi\u00fap x\u00e2y d\u1ef1ng c\u00e1c th\u01b0\u01a1ng hi\u1ec7u \u00fd ngh\u0129a th\u00f4ng qua truy\u1ec1n th\u00f4ng \u00fd ngh\u0129a. Ch\u00fang t\u00f4i s\u1eed d\u1ee5ng h\u1ec7 th\u1ed1ng Mx \u0111\u1ed9c \u0111\u00e1o c\u1ee7a m\u00ecnh \u0111\u1ec3 t\u1ea1o ra c\u00e1c tr\u1ea3i nghi\u1ec7m truy\u1ec1n th\u00f4ng ph\u00f9 h\u1ee3p, k\u1ebft n\u1ed1i v\u1edbi \u0111\u1ed1i t\u01b0\u1ee3ng m\u1ee5c ti\u00eau c\u1ee7a b\u1ea1n v\u00e0 bi\u1ebfn insight kh\u00e1ch h\u00e0ng th\u00e0nh t\u0103ng tr\u01b0\u1edfng kinh doanh.","og_url":"https:\/\/vn.havas.com\/vi\/havas-media\/","og_site_name":"Havas Group Vietnam","article_modified_time":"2025-07-30T02:35:13+00:00","twitter_card":"summary_large_image","schema":{"@context":"https:\/\/schema.org","@graph":[{"@type":"WebPage","@id":"https:\/\/vn.havas.com\/vi\/havas-media\/","url":"https:\/\/vn.havas.com\/vi\/havas-media\/","name":"Havas Media - Havas Group Vietnam","isPartOf":{"@id":"https:\/\/vn.havas.com\/#website"},"datePublished":"2022-11-03T11:57:16+00:00","dateModified":"2025-07-30T02:35:13+00:00","description":"Havas Media Vi\u1ec7t Nam gi\u00fap x\u00e2y d\u1ef1ng c\u00e1c th\u01b0\u01a1ng hi\u1ec7u \u00fd ngh\u0129a th\u00f4ng qua truy\u1ec1n th\u00f4ng \u00fd ngh\u0129a. Ch\u00fang t\u00f4i s\u1eed d\u1ee5ng h\u1ec7 th\u1ed1ng Mx \u0111\u1ed9c \u0111\u00e1o c\u1ee7a m\u00ecnh \u0111\u1ec3 t\u1ea1o ra c\u00e1c tr\u1ea3i nghi\u1ec7m truy\u1ec1n th\u00f4ng ph\u00f9 h\u1ee3p, k\u1ebft n\u1ed1i v\u1edbi \u0111\u1ed1i t\u01b0\u1ee3ng m\u1ee5c ti\u00eau c\u1ee7a b\u1ea1n v\u00e0 bi\u1ebfn insight kh\u00e1ch h\u00e0ng th\u00e0nh t\u0103ng tr\u01b0\u1edfng kinh doanh.","inLanguage":"vi-VN","potentialAction":[{"@type":"ReadAction","target":["https:\/\/vn.havas.com\/vi\/havas-media\/"]}]},{"@type":"WebSite","@id":"https:\/\/vn.havas.com\/#website","url":"https:\/\/vn.havas.com\/","name":"Havas Group Vietnam","description":"Havas Group Vietnam","potentialAction":[{"@type":"SearchAction","target":{"@type":"EntryPoint","urlTemplate":"https:\/\/vn.havas.com\/?s={search_term_string}"},"query-input":{"@type":"PropertyValueSpecification","valueRequired":true,"valueName":"search_term_string"}}],"inLanguage":"vi-VN"}]}},"_links":{"self":[{"href":"https:\/\/vn.havas.com\/vi\/wp-json\/wp\/v2\/pages\/313","targetHints":{"allow":["GET"]}}],"collection":[{"href":"https:\/\/vn.havas.com\/vi\/wp-json\/wp\/v2\/pages"}],"about":[{"href":"https:\/\/vn.havas.com\/vi\/wp-json\/wp\/v2\/types\/page"}],"author":[{"embeddable":true,"href":"https:\/\/vn.havas.com\/vi\/wp-json\/wp\/v2\/users\/1"}],"replies":[{"embeddable":true,"href":"https:\/\/vn.havas.com\/vi\/wp-json\/wp\/v2\/comments?post=313"}],"version-history":[{"count":0,"href":"https:\/\/vn.havas.com\/vi\/wp-json\/wp\/v2\/pages\/313\/revisions"}],"wp:attachment":[{"href":"https:\/\/vn.havas.com\/vi\/wp-json\/wp\/v2\/media?parent=313"}],"curies":[{"name":"wp","href":"https:\/\/api.w.org\/{rel}","templated":true}]}}