{"id":139,"date":"2022-11-02T11:32:11","date_gmt":"2022-11-02T11:32:11","guid":{"rendered":"https:\/\/stage.vn.havas.com\/?page_id=139"},"modified":"2026-03-25T14:23:21","modified_gmt":"2026-03-25T07:23:21","slug":"havas-creative","status":"publish","type":"page","link":"https:\/\/vn.havas.com\/vi\/havas-creative\/","title":{"rendered":"Havas Creative"},"content":{"rendered":"","protected":false},"excerpt":{"rendered":"","protected":false},"author":1,"featured_media":0,"parent":0,"menu_order":0,"comment_status":"closed","ping_status":"closed","template":"","meta":{"footnotes":""},"class_list":["post-139","page","type-page","status-publish","hentry","entry"],"yoast_head":"<!-- This site is optimized with the Yoast SEO plugin v27.4 - https:\/\/yoast.com\/product\/yoast-seo-wordpress\/ -->\n<title>Havas Creative - Havas Group Vietnam<\/title>\n<meta name=\"description\" content=\"Havas Creative, m\u1ed9t th\u00e0nh vi\u00ean c\u1ee7a Havas Group Vietnam, l\u00e0 \u0111\u1ea1i di\u1ec7n cho m\u00f4 h\u00ecnh Agency qu\u1ea3ng c\u00e1o v\u00e0 truy\u1ec1n th\u00f4ng t\u00edch h\u1ee3p. Ch\u00fang t\u00f4i t\u1ea1o ra s\u1ef1 kh\u00e1c bi\u1ec7t \u00fd ngh\u0129a cho c\u00e1c th\u01b0\u01a1ng hi\u1ec7u v\u00e0 doanh nghi\u1ec7p b\u1eb1ng c\u00e1ch x\u00e2y d\u1ef1ng nh\u1eefng gi\u1ea3i ph\u00e1p chuy\u00ean bi\u1ec7t th\u00f4ng qua m\u00f4 h\u00ecnh &quot;ng\u00f4i nh\u00e0 chung&quot; (village model). H\u00e3y c\u00f9ng kh\u00e1m ph\u00e1 c\u00e1c d\u1ecbch v\u1ee5 \u0111a d\u1ea1ng c\u1ee7a ch\u00fang t\u00f4i, bao g\u1ed3m chi\u1ebfn l\u01b0\u1ee3c th\u01b0\u01a1ng hi\u1ec7u, marketing k\u1ef9 thu\u1eadt s\u1ed1 v\u00e0 s\u00e1ng t\u1ea1o n\u1ed9i dung.\" \/>\n<meta name=\"robots\" content=\"index, follow, max-snippet:-1, max-image-preview:large, max-video-preview:-1\" \/>\n<link rel=\"canonical\" href=\"https:\/\/vn.havas.com\/havas-creative\/\" \/>\n<meta property=\"og:locale\" content=\"vi_VN\" \/>\n<meta property=\"og:type\" content=\"article\" \/>\n<meta property=\"og:title\" content=\"Havas Creative - Havas Group Vietnam\" \/>\n<meta property=\"og:description\" content=\"Havas Creative, m\u1ed9t th\u00e0nh vi\u00ean c\u1ee7a Havas Group Vietnam, l\u00e0 \u0111\u1ea1i di\u1ec7n cho m\u00f4 h\u00ecnh Agency qu\u1ea3ng c\u00e1o v\u00e0 truy\u1ec1n th\u00f4ng t\u00edch h\u1ee3p. Ch\u00fang t\u00f4i t\u1ea1o ra s\u1ef1 kh\u00e1c bi\u1ec7t \u00fd ngh\u0129a cho c\u00e1c th\u01b0\u01a1ng hi\u1ec7u v\u00e0 doanh nghi\u1ec7p b\u1eb1ng c\u00e1ch x\u00e2y d\u1ef1ng nh\u1eefng gi\u1ea3i ph\u00e1p chuy\u00ean bi\u1ec7t th\u00f4ng qua m\u00f4 h\u00ecnh &quot;ng\u00f4i nh\u00e0 chung&quot; (village model). H\u00e3y c\u00f9ng kh\u00e1m ph\u00e1 c\u00e1c d\u1ecbch v\u1ee5 \u0111a d\u1ea1ng c\u1ee7a ch\u00fang t\u00f4i, bao g\u1ed3m chi\u1ebfn l\u01b0\u1ee3c th\u01b0\u01a1ng hi\u1ec7u, marketing k\u1ef9 thu\u1eadt s\u1ed1 v\u00e0 s\u00e1ng t\u1ea1o n\u1ed9i dung.\" \/>\n<meta property=\"og:url\" content=\"https:\/\/vn.havas.com\/havas-creative\/\" \/>\n<meta property=\"og:site_name\" content=\"Havas Group Vietnam\" \/>\n<meta property=\"article:modified_time\" content=\"2026-03-25T07:23:21+00:00\" \/>\n<meta name=\"twitter:card\" content=\"summary_large_image\" \/>\n<script type=\"application\/ld+json\" class=\"yoast-schema-graph\">{\"@context\":\"https:\\\/\\\/schema.org\",\"@graph\":[{\"@type\":\"WebPage\",\"@id\":\"https:\\\/\\\/vn.havas.com\\\/havas-creative\\\/\",\"url\":\"https:\\\/\\\/vn.havas.com\\\/havas-creative\\\/\",\"name\":\"Havas Creative - Havas Group Vietnam\",\"isPartOf\":{\"@id\":\"https:\\\/\\\/vn.havas.com\\\/#website\"},\"datePublished\":\"2022-11-02T11:32:11+00:00\",\"dateModified\":\"2026-03-25T07:23:21+00:00\",\"description\":\"Havas Creative, m\u1ed9t th\u00e0nh vi\u00ean c\u1ee7a Havas Group Vietnam, l\u00e0 \u0111\u1ea1i di\u1ec7n cho m\u00f4 h\u00ecnh Agency qu\u1ea3ng c\u00e1o v\u00e0 truy\u1ec1n th\u00f4ng t\u00edch h\u1ee3p. Ch\u00fang t\u00f4i t\u1ea1o ra s\u1ef1 kh\u00e1c bi\u1ec7t \u00fd ngh\u0129a cho c\u00e1c th\u01b0\u01a1ng hi\u1ec7u v\u00e0 doanh nghi\u1ec7p b\u1eb1ng c\u00e1ch x\u00e2y d\u1ef1ng nh\u1eefng gi\u1ea3i ph\u00e1p chuy\u00ean bi\u1ec7t th\u00f4ng qua m\u00f4 h\u00ecnh \\\"ng\u00f4i nh\u00e0 chung\\\" (village model). H\u00e3y c\u00f9ng kh\u00e1m ph\u00e1 c\u00e1c d\u1ecbch v\u1ee5 \u0111a d\u1ea1ng c\u1ee7a ch\u00fang t\u00f4i, bao g\u1ed3m chi\u1ebfn l\u01b0\u1ee3c th\u01b0\u01a1ng hi\u1ec7u, marketing k\u1ef9 thu\u1eadt s\u1ed1 v\u00e0 s\u00e1ng t\u1ea1o n\u1ed9i dung.\",\"inLanguage\":\"vi-VN\",\"potentialAction\":[{\"@type\":\"ReadAction\",\"target\":[\"https:\\\/\\\/vn.havas.com\\\/havas-creative\\\/\"]}]},{\"@type\":\"WebSite\",\"@id\":\"https:\\\/\\\/vn.havas.com\\\/#website\",\"url\":\"https:\\\/\\\/vn.havas.com\\\/\",\"name\":\"Havas Group Vietnam\",\"description\":\"Havas Group Vietnam\",\"potentialAction\":[{\"@type\":\"SearchAction\",\"target\":{\"@type\":\"EntryPoint\",\"urlTemplate\":\"https:\\\/\\\/vn.havas.com\\\/?s={search_term_string}\"},\"query-input\":{\"@type\":\"PropertyValueSpecification\",\"valueRequired\":true,\"valueName\":\"search_term_string\"}}],\"inLanguage\":\"vi-VN\"}]}<\/script>\n<!-- \/ Yoast SEO plugin. -->","yoast_head_json":{"title":"Havas Creative - Havas Group Vietnam","description":"Havas Creative, m\u1ed9t th\u00e0nh vi\u00ean c\u1ee7a Havas Group Vietnam, l\u00e0 \u0111\u1ea1i di\u1ec7n cho m\u00f4 h\u00ecnh Agency qu\u1ea3ng c\u00e1o v\u00e0 truy\u1ec1n th\u00f4ng t\u00edch h\u1ee3p. Ch\u00fang t\u00f4i t\u1ea1o ra s\u1ef1 kh\u00e1c bi\u1ec7t \u00fd ngh\u0129a cho c\u00e1c th\u01b0\u01a1ng hi\u1ec7u v\u00e0 doanh nghi\u1ec7p b\u1eb1ng c\u00e1ch x\u00e2y d\u1ef1ng nh\u1eefng gi\u1ea3i ph\u00e1p chuy\u00ean bi\u1ec7t th\u00f4ng qua m\u00f4 h\u00ecnh \"ng\u00f4i nh\u00e0 chung\" (village model). H\u00e3y c\u00f9ng kh\u00e1m ph\u00e1 c\u00e1c d\u1ecbch v\u1ee5 \u0111a d\u1ea1ng c\u1ee7a ch\u00fang t\u00f4i, bao g\u1ed3m chi\u1ebfn l\u01b0\u1ee3c th\u01b0\u01a1ng hi\u1ec7u, marketing k\u1ef9 thu\u1eadt s\u1ed1 v\u00e0 s\u00e1ng t\u1ea1o n\u1ed9i dung.","robots":{"index":"index","follow":"follow","max-snippet":"max-snippet:-1","max-image-preview":"max-image-preview:large","max-video-preview":"max-video-preview:-1"},"canonical":"https:\/\/vn.havas.com\/havas-creative\/","og_locale":"vi_VN","og_type":"article","og_title":"Havas Creative - Havas Group Vietnam","og_description":"Havas Creative, m\u1ed9t th\u00e0nh vi\u00ean c\u1ee7a Havas Group Vietnam, l\u00e0 \u0111\u1ea1i di\u1ec7n cho m\u00f4 h\u00ecnh Agency qu\u1ea3ng c\u00e1o v\u00e0 truy\u1ec1n th\u00f4ng t\u00edch h\u1ee3p. Ch\u00fang t\u00f4i t\u1ea1o ra s\u1ef1 kh\u00e1c bi\u1ec7t \u00fd ngh\u0129a cho c\u00e1c th\u01b0\u01a1ng hi\u1ec7u v\u00e0 doanh nghi\u1ec7p b\u1eb1ng c\u00e1ch x\u00e2y d\u1ef1ng nh\u1eefng gi\u1ea3i ph\u00e1p chuy\u00ean bi\u1ec7t th\u00f4ng qua m\u00f4 h\u00ecnh \"ng\u00f4i nh\u00e0 chung\" (village model). H\u00e3y c\u00f9ng kh\u00e1m ph\u00e1 c\u00e1c d\u1ecbch v\u1ee5 \u0111a d\u1ea1ng c\u1ee7a ch\u00fang t\u00f4i, bao g\u1ed3m chi\u1ebfn l\u01b0\u1ee3c th\u01b0\u01a1ng hi\u1ec7u, marketing k\u1ef9 thu\u1eadt s\u1ed1 v\u00e0 s\u00e1ng t\u1ea1o n\u1ed9i dung.","og_url":"https:\/\/vn.havas.com\/havas-creative\/","og_site_name":"Havas Group Vietnam","article_modified_time":"2026-03-25T07:23:21+00:00","twitter_card":"summary_large_image","schema":{"@context":"https:\/\/schema.org","@graph":[{"@type":"WebPage","@id":"https:\/\/vn.havas.com\/havas-creative\/","url":"https:\/\/vn.havas.com\/havas-creative\/","name":"Havas Creative - Havas Group Vietnam","isPartOf":{"@id":"https:\/\/vn.havas.com\/#website"},"datePublished":"2022-11-02T11:32:11+00:00","dateModified":"2026-03-25T07:23:21+00:00","description":"Havas Creative, m\u1ed9t th\u00e0nh vi\u00ean c\u1ee7a Havas Group Vietnam, l\u00e0 \u0111\u1ea1i di\u1ec7n cho m\u00f4 h\u00ecnh Agency qu\u1ea3ng c\u00e1o v\u00e0 truy\u1ec1n th\u00f4ng t\u00edch h\u1ee3p. Ch\u00fang t\u00f4i t\u1ea1o ra s\u1ef1 kh\u00e1c bi\u1ec7t \u00fd ngh\u0129a cho c\u00e1c th\u01b0\u01a1ng hi\u1ec7u v\u00e0 doanh nghi\u1ec7p b\u1eb1ng c\u00e1ch x\u00e2y d\u1ef1ng nh\u1eefng gi\u1ea3i ph\u00e1p chuy\u00ean bi\u1ec7t th\u00f4ng qua m\u00f4 h\u00ecnh \"ng\u00f4i nh\u00e0 chung\" (village model). H\u00e3y c\u00f9ng kh\u00e1m ph\u00e1 c\u00e1c d\u1ecbch v\u1ee5 \u0111a d\u1ea1ng c\u1ee7a ch\u00fang t\u00f4i, bao g\u1ed3m chi\u1ebfn l\u01b0\u1ee3c th\u01b0\u01a1ng hi\u1ec7u, marketing k\u1ef9 thu\u1eadt s\u1ed1 v\u00e0 s\u00e1ng t\u1ea1o n\u1ed9i dung.","inLanguage":"vi-VN","potentialAction":[{"@type":"ReadAction","target":["https:\/\/vn.havas.com\/havas-creative\/"]}]},{"@type":"WebSite","@id":"https:\/\/vn.havas.com\/#website","url":"https:\/\/vn.havas.com\/","name":"Havas Group Vietnam","description":"Havas Group Vietnam","potentialAction":[{"@type":"SearchAction","target":{"@type":"EntryPoint","urlTemplate":"https:\/\/vn.havas.com\/?s={search_term_string}"},"query-input":{"@type":"PropertyValueSpecification","valueRequired":true,"valueName":"search_term_string"}}],"inLanguage":"vi-VN"}]}},"_links":{"self":[{"href":"https:\/\/vn.havas.com\/vi\/wp-json\/wp\/v2\/pages\/139","targetHints":{"allow":["GET"]}}],"collection":[{"href":"https:\/\/vn.havas.com\/vi\/wp-json\/wp\/v2\/pages"}],"about":[{"href":"https:\/\/vn.havas.com\/vi\/wp-json\/wp\/v2\/types\/page"}],"author":[{"embeddable":true,"href":"https:\/\/vn.havas.com\/vi\/wp-json\/wp\/v2\/users\/1"}],"replies":[{"embeddable":true,"href":"https:\/\/vn.havas.com\/vi\/wp-json\/wp\/v2\/comments?post=139"}],"version-history":[{"count":0,"href":"https:\/\/vn.havas.com\/vi\/wp-json\/wp\/v2\/pages\/139\/revisions"}],"wp:attachment":[{"href":"https:\/\/vn.havas.com\/vi\/wp-json\/wp\/v2\/media?parent=139"}],"curies":[{"name":"wp","href":"https:\/\/api.w.org\/{rel}","templated":true}]}}