{"id":12,"date":"2022-11-02T06:07:34","date_gmt":"2022-11-02T06:07:34","guid":{"rendered":"https:\/\/stage.vn.havas.com\/?page_id=12"},"modified":"2026-04-21T09:41:13","modified_gmt":"2026-04-21T02:41:13","slug":"home","status":"publish","type":"page","link":"https:\/\/vn.havas.com\/vi\/","title":{"rendered":"Trang ch\u1ee7"},"content":{"rendered":"\r\n<figure class=\"wp-block-table\">\r\n<table>\r\n<tbody>\r\n<tr>\r\n<td><\/td>\r\n<\/tr>\r\n<\/tbody>\r\n<\/table>\r\n<\/figure>\r\n","protected":false},"excerpt":{"rendered":"","protected":false},"author":1,"featured_media":0,"parent":0,"menu_order":0,"comment_status":"closed","ping_status":"closed","template":"home_template.php","meta":{"footnotes":""},"class_list":["post-12","page","type-page","status-publish","hentry","entry"],"yoast_head":"<!-- This site is optimized with the Yoast SEO plugin v27.4 - https:\/\/yoast.com\/product\/yoast-seo-wordpress\/ -->\n<title>Trang ch\u1ee7 - Havas Group Vietnam<\/title>\n<meta name=\"description\" content=\"Havas Vi\u1ec7t Nam: T\u0103ng tr\u01b0\u1edfng, Th\u00fac \u0111\u1ea9y b\u1edfi Kh\u00e1t khao. Kh\u00e1m ph\u00e1 gi\u1ea3i ph\u00e1p t\u00edch h\u1ee3p t\u1eeb s\u00e1ng t\u1ea1o, media &amp; AI gi\u00fap x\u00e2y d\u1ef1ng th\u01b0\u01a1ng hi\u1ec7u \u0111\u00e1ng khao kh\u00e1t v\u00e0 th\u00fac \u0111\u1ea9y t\u0103ng tr\u01b0\u1edfng kinh doanh.\" \/>\n<meta name=\"robots\" content=\"index, follow, max-snippet:-1, max-image-preview:large, max-video-preview:-1\" \/>\n<link rel=\"canonical\" href=\"https:\/\/vn.havas.com\/vi\/\" \/>\n<meta property=\"og:locale\" content=\"vi_VN\" \/>\n<meta property=\"og:type\" content=\"article\" \/>\n<meta property=\"og:title\" content=\"Trang ch\u1ee7 - Havas Group Vietnam\" \/>\n<meta property=\"og:description\" content=\"Havas Vi\u1ec7t Nam: T\u0103ng tr\u01b0\u1edfng, Th\u00fac \u0111\u1ea9y b\u1edfi Kh\u00e1t khao. Kh\u00e1m ph\u00e1 gi\u1ea3i ph\u00e1p t\u00edch h\u1ee3p t\u1eeb s\u00e1ng t\u1ea1o, media &amp; AI gi\u00fap x\u00e2y d\u1ef1ng th\u01b0\u01a1ng hi\u1ec7u \u0111\u00e1ng khao kh\u00e1t v\u00e0 th\u00fac \u0111\u1ea9y t\u0103ng tr\u01b0\u1edfng kinh doanh.\" \/>\n<meta property=\"og:url\" content=\"https:\/\/vn.havas.com\/vi\/\" \/>\n<meta property=\"og:site_name\" content=\"Havas Group Vietnam\" \/>\n<meta property=\"article:modified_time\" content=\"2026-04-21T02:41:13+00:00\" \/>\n<meta name=\"twitter:card\" content=\"summary_large_image\" \/>\n<script type=\"application\/ld+json\" class=\"yoast-schema-graph\">{\"@context\":\"https:\\\/\\\/schema.org\",\"@graph\":[{\"@type\":\"WebPage\",\"@id\":\"https:\\\/\\\/vn.havas.com\\\/vi\\\/\",\"url\":\"https:\\\/\\\/vn.havas.com\\\/vi\\\/\",\"name\":\"Trang ch\u1ee7 - Havas Group Vietnam\",\"isPartOf\":{\"@id\":\"https:\\\/\\\/vn.havas.com\\\/#website\"},\"datePublished\":\"2022-11-02T06:07:34+00:00\",\"dateModified\":\"2026-04-21T02:41:13+00:00\",\"description\":\"Havas Vi\u1ec7t Nam: T\u0103ng tr\u01b0\u1edfng, Th\u00fac \u0111\u1ea9y b\u1edfi Kh\u00e1t khao. Kh\u00e1m ph\u00e1 gi\u1ea3i ph\u00e1p t\u00edch h\u1ee3p t\u1eeb s\u00e1ng t\u1ea1o, media & AI gi\u00fap x\u00e2y d\u1ef1ng th\u01b0\u01a1ng hi\u1ec7u \u0111\u00e1ng khao kh\u00e1t v\u00e0 th\u00fac \u0111\u1ea9y t\u0103ng tr\u01b0\u1edfng kinh doanh.\",\"inLanguage\":\"vi-VN\",\"potentialAction\":[{\"@type\":\"ReadAction\",\"target\":[\"https:\\\/\\\/vn.havas.com\\\/vi\\\/\"]}]},{\"@type\":\"WebSite\",\"@id\":\"https:\\\/\\\/vn.havas.com\\\/#website\",\"url\":\"https:\\\/\\\/vn.havas.com\\\/\",\"name\":\"Havas Group Vietnam\",\"description\":\"Havas Group Vietnam\",\"potentialAction\":[{\"@type\":\"SearchAction\",\"target\":{\"@type\":\"EntryPoint\",\"urlTemplate\":\"https:\\\/\\\/vn.havas.com\\\/?s={search_term_string}\"},\"query-input\":{\"@type\":\"PropertyValueSpecification\",\"valueRequired\":true,\"valueName\":\"search_term_string\"}}],\"inLanguage\":\"vi-VN\"}]}<\/script>\n<!-- \/ Yoast SEO plugin. -->","yoast_head_json":{"title":"Trang ch\u1ee7 - Havas Group Vietnam","description":"Havas Vi\u1ec7t Nam: T\u0103ng tr\u01b0\u1edfng, Th\u00fac \u0111\u1ea9y b\u1edfi Kh\u00e1t khao. Kh\u00e1m ph\u00e1 gi\u1ea3i ph\u00e1p t\u00edch h\u1ee3p t\u1eeb s\u00e1ng t\u1ea1o, media & AI gi\u00fap x\u00e2y d\u1ef1ng th\u01b0\u01a1ng hi\u1ec7u \u0111\u00e1ng khao kh\u00e1t v\u00e0 th\u00fac \u0111\u1ea9y t\u0103ng tr\u01b0\u1edfng kinh doanh.","robots":{"index":"index","follow":"follow","max-snippet":"max-snippet:-1","max-image-preview":"max-image-preview:large","max-video-preview":"max-video-preview:-1"},"canonical":"https:\/\/vn.havas.com\/vi\/","og_locale":"vi_VN","og_type":"article","og_title":"Trang ch\u1ee7 - Havas Group Vietnam","og_description":"Havas Vi\u1ec7t Nam: T\u0103ng tr\u01b0\u1edfng, Th\u00fac \u0111\u1ea9y b\u1edfi Kh\u00e1t khao. Kh\u00e1m ph\u00e1 gi\u1ea3i ph\u00e1p t\u00edch h\u1ee3p t\u1eeb s\u00e1ng t\u1ea1o, media & AI gi\u00fap x\u00e2y d\u1ef1ng th\u01b0\u01a1ng hi\u1ec7u \u0111\u00e1ng khao kh\u00e1t v\u00e0 th\u00fac \u0111\u1ea9y t\u0103ng tr\u01b0\u1edfng kinh doanh.","og_url":"https:\/\/vn.havas.com\/vi\/","og_site_name":"Havas Group Vietnam","article_modified_time":"2026-04-21T02:41:13+00:00","twitter_card":"summary_large_image","schema":{"@context":"https:\/\/schema.org","@graph":[{"@type":"WebPage","@id":"https:\/\/vn.havas.com\/vi\/","url":"https:\/\/vn.havas.com\/vi\/","name":"Trang ch\u1ee7 - Havas Group Vietnam","isPartOf":{"@id":"https:\/\/vn.havas.com\/#website"},"datePublished":"2022-11-02T06:07:34+00:00","dateModified":"2026-04-21T02:41:13+00:00","description":"Havas Vi\u1ec7t Nam: T\u0103ng tr\u01b0\u1edfng, Th\u00fac \u0111\u1ea9y b\u1edfi Kh\u00e1t khao. Kh\u00e1m ph\u00e1 gi\u1ea3i ph\u00e1p t\u00edch h\u1ee3p t\u1eeb s\u00e1ng t\u1ea1o, media & AI gi\u00fap x\u00e2y d\u1ef1ng th\u01b0\u01a1ng hi\u1ec7u \u0111\u00e1ng khao kh\u00e1t v\u00e0 th\u00fac \u0111\u1ea9y t\u0103ng tr\u01b0\u1edfng kinh doanh.","inLanguage":"vi-VN","potentialAction":[{"@type":"ReadAction","target":["https:\/\/vn.havas.com\/vi\/"]}]},{"@type":"WebSite","@id":"https:\/\/vn.havas.com\/#website","url":"https:\/\/vn.havas.com\/","name":"Havas Group Vietnam","description":"Havas Group Vietnam","potentialAction":[{"@type":"SearchAction","target":{"@type":"EntryPoint","urlTemplate":"https:\/\/vn.havas.com\/?s={search_term_string}"},"query-input":{"@type":"PropertyValueSpecification","valueRequired":true,"valueName":"search_term_string"}}],"inLanguage":"vi-VN"}]}},"_links":{"self":[{"href":"https:\/\/vn.havas.com\/vi\/wp-json\/wp\/v2\/pages\/12","targetHints":{"allow":["GET"]}}],"collection":[{"href":"https:\/\/vn.havas.com\/vi\/wp-json\/wp\/v2\/pages"}],"about":[{"href":"https:\/\/vn.havas.com\/vi\/wp-json\/wp\/v2\/types\/page"}],"author":[{"embeddable":true,"href":"https:\/\/vn.havas.com\/vi\/wp-json\/wp\/v2\/users\/1"}],"replies":[{"embeddable":true,"href":"https:\/\/vn.havas.com\/vi\/wp-json\/wp\/v2\/comments?post=12"}],"version-history":[{"count":0,"href":"https:\/\/vn.havas.com\/vi\/wp-json\/wp\/v2\/pages\/12\/revisions"}],"wp:attachment":[{"href":"https:\/\/vn.havas.com\/vi\/wp-json\/wp\/v2\/media?parent=12"}],"curies":[{"name":"wp","href":"https:\/\/api.w.org\/{rel}","templated":true}]}}